{"id":4839,"date":"2023-04-13T13:06:58","date_gmt":"2023-04-13T10:06:58","guid":{"rendered":"https:\/\/ankaramahallekahvecileri.com\/?page_id=4839"},"modified":"2023-04-13T13:13:27","modified_gmt":"2023-04-13T10:13:27","slug":"festival","status":"publish","type":"page","link":"https:\/\/ankaramahallekahvecileri.com\/?page_id=4839","title":{"rendered":"FEST\u0130VAL"},"content":{"rendered":"\t\t<div data-elementor-type=\"wp-page\" data-elementor-id=\"4839\" class=\"elementor elementor-4839\">\n\t\t\t\t\t\t<section class=\"elementor-section elementor-top-section elementor-element elementor-element-9a15169 elementor-section-boxed elementor-section-height-default elementor-section-height-default\" data-id=\"9a15169\" data-element_type=\"section\" data-e-type=\"section\">\n\t\t\t\t\t\t<div class=\"elementor-container elementor-column-gap-default\">\n\t\t\t\t\t<div class=\"elementor-column elementor-col-100 elementor-top-column elementor-element elementor-element-aa82342 ot-flex-column-vertical\" data-id=\"aa82342\" data-element_type=\"column\" data-e-type=\"column\">\n\t\t\t<div class=\"elementor-widget-wrap elementor-element-populated\">\n\t\t\t\t\t\t<div class=\"elementor-element elementor-element-cc10f63 elementor-widget elementor-widget-spacer\" data-id=\"cc10f63\" data-element_type=\"widget\" data-e-type=\"widget\" data-widget_type=\"spacer.default\">\n\t\t\t\t<div class=\"elementor-widget-container\">\n\t\t\t\t\t\t\t<div class=\"elementor-spacer\">\n\t\t\t<div class=\"elementor-spacer-inner\"><\/div>\n\t\t<\/div>\n\t\t\t\t\t\t<\/div>\n\t\t\t\t<\/div>\n\t\t\t\t\t<\/div>\n\t\t<\/div>\n\t\t\t\t\t<\/div>\n\t\t<\/section>\n\t\t\t\t<section class=\"elementor-section elementor-top-section elementor-element elementor-element-4cbbf6d elementor-section-boxed elementor-section-height-default elementor-section-height-default\" data-id=\"4cbbf6d\" data-element_type=\"section\" data-e-type=\"section\">\n\t\t\t\t\t\t<div class=\"elementor-container elementor-column-gap-default\">\n\t\t\t\t\t<div class=\"elementor-column elementor-col-100 elementor-top-column elementor-element elementor-element-26d2c7a ot-flex-column-vertical\" data-id=\"26d2c7a\" data-element_type=\"column\" data-e-type=\"column\">\n\t\t\t<div class=\"elementor-widget-wrap elementor-element-populated\">\n\t\t\t\t\t\t<div class=\"elementor-element elementor-element-56e5599 elementor-widget elementor-widget-heading\" data-id=\"56e5599\" data-element_type=\"widget\" data-e-type=\"widget\" data-widget_type=\"heading.default\">\n\t\t\t\t<div class=\"elementor-widget-container\">\n\t\t\t\t\t<h2 class=\"elementor-heading-title elementor-size-default\">LOCAL COFFEE FESTIVAL<\/h2>\t\t\t\t<\/div>\n\t\t\t\t<\/div>\n\t\t\t\t\t<\/div>\n\t\t<\/div>\n\t\t\t\t\t<\/div>\n\t\t<\/section>\n\t\t\t\t<section class=\"elementor-section elementor-top-section elementor-element elementor-element-44300d7 elementor-section-boxed elementor-section-height-default elementor-section-height-default\" data-id=\"44300d7\" data-element_type=\"section\" data-e-type=\"section\">\n\t\t\t\t\t\t<div class=\"elementor-container elementor-column-gap-default\">\n\t\t\t\t\t<div class=\"elementor-column elementor-col-100 elementor-top-column elementor-element elementor-element-af2b789 ot-flex-column-vertical\" data-id=\"af2b789\" data-element_type=\"column\" data-e-type=\"column\">\n\t\t\t<div class=\"elementor-widget-wrap elementor-element-populated\">\n\t\t\t\t\t\t<div class=\"elementor-element elementor-element-c72dd3e elementor-widget elementor-widget-spacer\" data-id=\"c72dd3e\" data-element_type=\"widget\" data-e-type=\"widget\" data-widget_type=\"spacer.default\">\n\t\t\t\t<div class=\"elementor-widget-container\">\n\t\t\t\t\t\t\t<div class=\"elementor-spacer\">\n\t\t\t<div class=\"elementor-spacer-inner\"><\/div>\n\t\t<\/div>\n\t\t\t\t\t\t<\/div>\n\t\t\t\t<\/div>\n\t\t\t\t\t<\/div>\n\t\t<\/div>\n\t\t\t\t\t<\/div>\n\t\t<\/section>\n\t\t\t\t<section class=\"elementor-section elementor-top-section elementor-element elementor-element-51d079f elementor-section-boxed elementor-section-height-default elementor-section-height-default\" data-id=\"51d079f\" data-element_type=\"section\" data-e-type=\"section\">\n\t\t\t\t\t\t<div class=\"elementor-container elementor-column-gap-default\">\n\t\t\t\t\t<div class=\"elementor-column elementor-col-100 elementor-top-column elementor-element elementor-element-9be01eb ot-flex-column-vertical\" data-id=\"9be01eb\" data-element_type=\"column\" data-e-type=\"column\">\n\t\t\t<div class=\"elementor-widget-wrap elementor-element-populated\">\n\t\t\t\t\t\t<div class=\"elementor-element elementor-element-cc820cd elementor-widget elementor-widget-text-editor\" data-id=\"cc820cd\" data-element_type=\"widget\" data-e-type=\"widget\" data-widget_type=\"text-editor.default\">\n\t\t\t\t<div class=\"elementor-widget-container\">\n\t\t\t\t\t\t\t\t\t<p><span style=\"font-weight: 400;\">29-30 Nisan Arcadium<\/span><\/p><p><span style=\"font-weight: 400;\">10:00 &#8211; 21:00<\/span><\/p><p><span style=\"font-weight: 400;\">Local Coffee Festival\u2019a ho\u015fgeldiniz!<\/span><\/p><p><b>Local Coffee Festival Nedir ?<\/b><\/p><p><span style=\"font-weight: 400;\">\u0130lkini 2021 y\u0131l\u0131nda ger\u00e7ekle\u015ftirdi\u011fimiz festivalimiz, sadece Ankara Mahalle Kahvecileri, yani nitelikli kahve d\u00fckkanlar\u0131n\u0131n oldu\u011fu yeni bir festivaldir. Amac\u0131 kahve severlere nitelikli kahve kavram\u0131n\u0131 anlatmak ve nitelikli kahve d\u00fckkanlar\u0131n\u0131n olu\u015fturdu\u011fu Ankara Mahalle Kahvecilerini marka ve nitelik kazand\u0131rmak olacakt\u0131r. Ayr\u0131ca yereli destekle slogan\u0131yla artisan ve butik olan bizleri neden se\u00e7meleri gerekti\u011fini bu festivalde daha fazla anlatm\u0131\u015f olaca\u011f\u0131z.<\/span><\/p><p><b>#SUPPORTLOCAL<\/b><\/p><p><span style=\"font-weight: 400;\">Etkinlik d\u0131\u015far\u0131ya \u00fccretsiz a\u00e7\u0131k olup, standa kat\u0131lanlardan mutlaka ikram beklenmektedir. Bunun d\u0131\u015f\u0131nda kahve \u00e7ekirde\u011fi, kahve ekipman\u0131 ve kahve sat\u0131\u015f\u0131 ger\u00e7ekle\u015ftirilebilecektir.<\/span><\/p><p><br \/><br \/><br \/><\/p>\t\t\t\t\t\t\t\t<\/div>\n\t\t\t\t<\/div>\n\t\t\t\t\t<\/div>\n\t\t<\/div>\n\t\t\t\t\t<\/div>\n\t\t<\/section>\n\t\t\t\t<section class=\"elementor-section elementor-top-section elementor-element elementor-element-30323e6 elementor-section-boxed elementor-section-height-default elementor-section-height-default\" data-id=\"30323e6\" data-element_type=\"section\" data-e-type=\"section\">\n\t\t\t\t\t\t<div class=\"elementor-container elementor-column-gap-default\">\n\t\t\t\t\t<div class=\"elementor-column elementor-col-100 elementor-top-column elementor-element elementor-element-3e4e693 ot-flex-column-vertical\" data-id=\"3e4e693\" data-element_type=\"column\" data-e-type=\"column\">\n\t\t\t<div class=\"elementor-widget-wrap elementor-element-populated\">\n\t\t\t\t\t\t<div class=\"elementor-element elementor-element-3bd67ec elementor-widget elementor-widget-spacer\" data-id=\"3bd67ec\" data-element_type=\"widget\" data-e-type=\"widget\" data-widget_type=\"spacer.default\">\n\t\t\t\t<div class=\"elementor-widget-container\">\n\t\t\t\t\t\t\t<div class=\"elementor-spacer\">\n\t\t\t<div class=\"elementor-spacer-inner\"><\/div>\n\t\t<\/div>\n\t\t\t\t\t\t<\/div>\n\t\t\t\t<\/div>\n\t\t\t\t\t<\/div>\n\t\t<\/div>\n\t\t\t\t\t<\/div>\n\t\t<\/section>\n\t\t\t\t<\/div>\n\t\t","protected":false},"excerpt":{"rendered":"<p>LOCAL COFFEE FESTIVAL<\/p>\n","protected":false},"author":1,"featured_media":0,"parent":0,"menu_order":0,"comment_status":"closed","ping_status":"closed","template":"","meta":{"footnotes":""},"class_list":["post-4839","page","type-page","status-publish","hentry"],"_links":{"self":[{"href":"https:\/\/ankaramahallekahvecileri.com\/index.php?rest_route=\/wp\/v2\/pages\/4839","targetHints":{"allow":["GET"]}}],"collection":[{"href":"https:\/\/ankaramahallekahvecileri.com\/index.php?rest_route=\/wp\/v2\/pages"}],"about":[{"href":"https:\/\/ankaramahallekahvecileri.com\/index.php?rest_route=\/wp\/v2\/types\/page"}],"author":[{"embeddable":true,"href":"https:\/\/ankaramahallekahvecileri.com\/index.php?rest_route=\/wp\/v2\/users\/1"}],"replies":[{"embeddable":true,"href":"https:\/\/ankaramahallekahvecileri.com\/index.php?rest_route=%2Fwp%2Fv2%2Fcomments&post=4839"}],"version-history":[{"count":13,"href":"https:\/\/ankaramahallekahvecileri.com\/index.php?rest_route=\/wp\/v2\/pages\/4839\/revisions"}],"predecessor-version":[{"id":4857,"href":"https:\/\/ankaramahallekahvecileri.com\/index.php?rest_route=\/wp\/v2\/pages\/4839\/revisions\/4857"}],"wp:attachment":[{"href":"https:\/\/ankaramahallekahvecileri.com\/index.php?rest_route=%2Fwp%2Fv2%2Fmedia&parent=4839"}],"curies":[{"name":"wp","href":"https:\/\/api.w.org\/{rel}","templated":true}]}}